{"id":1458,"date":"2024-10-22T21:31:14","date_gmt":"2024-10-22T21:31:14","guid":{"rendered":"https:\/\/www.staffturksikayet.com\/?page_id=1458"},"modified":"2025-11-07T08:44:23","modified_gmt":"2025-11-07T08:44:23","slug":"berke-ardas-complaint","status":"publish","type":"page","link":"https:\/\/www.staffturksikayet.com\/en\/complaints\/berke-ardas-complaint\/","title":{"rendered":"Berke Arda&#8217;s Complaint"},"content":{"rendered":"\n\t<section class=\"section\" id=\"section_968906811\">\n\t\t<div class=\"bg section-bg fill bg-fill  bg-loaded\" >\n\n\t\t\t\n\t\t\t\n\t\t\t\n\n\t\t<\/div>\n\n\t\t\n\n\t\t<div class=\"section-content relative\">\n\t\t\t\n\n<div class=\"row align-center\"  id=\"row-539073992\">\n\n\n\t<div id=\"col-274341426\" class=\"col medium-8 small-12 large-8\"  >\n\t\t\t\t<div class=\"col-inner text-left\"  >\n\t\t\t\n\t\t\t\n\n\t<div class=\"img has-hover br-8 x md-x lg-x y md-y lg-y\" id=\"image_2071772779\">\n\t\t\t\t\t\t\t\t<div class=\"img-inner image-cover dark\" style=\"padding-top:100%;\">\n\t\t\t<img loading=\"lazy\" decoding=\"async\" width=\"1536\" height=\"2048\" src=\"https:\/\/www.staffturksikayet.com\/wp-content\/uploads\/2024\/10\/berke-ardanin-sikayeti-fotograf-1.jpg\" class=\"attachment-original size-original\" alt=\"\" srcset=\"https:\/\/www.staffturksikayet.com\/wp-content\/uploads\/2024\/10\/berke-ardanin-sikayeti-fotograf-1.jpg 1536w, https:\/\/www.staffturksikayet.com\/wp-content\/uploads\/2024\/10\/berke-ardanin-sikayeti-fotograf-1-300x400.jpg 300w, https:\/\/www.staffturksikayet.com\/wp-content\/uploads\/2024\/10\/berke-ardanin-sikayeti-fotograf-1-600x800.jpg 600w, https:\/\/www.staffturksikayet.com\/wp-content\/uploads\/2024\/10\/berke-ardanin-sikayeti-fotograf-1-768x1024.jpg 768w, https:\/\/www.staffturksikayet.com\/wp-content\/uploads\/2024\/10\/berke-ardanin-sikayeti-fotograf-1-1152x1536.jpg 1152w\" sizes=\"auto, (max-width: 1536px) 100vw, 1536px\" title=\"\">\t\t\t\t\t\t\n\t\t\t\t\t<\/div>\n\t\t\t\t\t\t\t\t\n<style>\n#image_2071772779 {\n  width: 33%;\n}\n@media (min-width:550px) {\n  #image_2071772779 {\n    width: 16%;\n  }\n}\n<\/style>\n\t<\/div>\n\t\n\n\t<div id=\"text-254271866\" class=\"text fs-lg\">\n\t\t\n\n<h1 class=\"h2 collapse\">Berke Arda&#8217;s Complaint<\/h1>\n\t\t\t<\/div>\n\t\n<p style=\"margin-bottom:0;\">The Owner of Gasso<\/p>\n\t<div id=\"gap-591060680\" class=\"gap-element clearfix\" style=\"display:block; height:auto;\">\n\t\t\n<style>\n#gap-591060680 {\n  padding-top: 30px;\n}\n<\/style>\n\t<\/div>\n\t\n\n<p>I adopted Gosso when he was 2 months old. The reactions started appearing in the 6th month. For a year, there wasn&#8217;t a vet we didn&#8217;t visit, nor an expense I didn&#8217;t make. He currently has a regular injection and is on a special diet that costs 4,500 Turkish Liras. I spend approximately 8,000-10,000 Turkish Liras per month. <strong>Unfortunately, his illness is hereditary and there is no chance of recovery.<\/strong><\/p>\n\t<div id=\"gap-1837374109\" class=\"gap-element clearfix\" style=\"display:block; height:auto;\">\n\t\t\n<style>\n#gap-1837374109 {\n  padding-top: 30px;\n}\n<\/style>\n\t<\/div>\n\t\n\n\n  \n    <div id=\"gallery-1511279459\" class=\"row large-columns-2 medium-columns- small-columns- row-xsmall row-masonry\" data-packery-options='{\"itemSelector\": \".col\", \"gutter\": 0, \"presentageWidth\" : true}'>\n\n  <div class=\"gallery-col col\" >\n          <div class=\"col-inner\">\n            <a class=\"image-lightbox lightbox-gallery\" href=\"https:\/\/www.staffturksikayet.com\/wp-content\/uploads\/2024\/10\/berke-ardanin-sikayeti-fotograf-2-600x800.jpg\" title=\"Berke Arda&#039;n\u0131n \u015eikayeti - Foto\u011fraf 1\">            <div class=\"box has-hover gallery-box box-normal\">\n              <div class=\"box-image\" >\n                <img loading=\"lazy\" decoding=\"async\" width=\"300\" height=\"400\" src=\"https:\/\/www.staffturksikayet.com\/wp-content\/uploads\/2024\/10\/berke-ardanin-sikayeti-fotograf-2-300x400.jpg\" class=\"attachment-medium size-medium\" alt=\"\" ids=\"1441,1443\" style=\"normal\" type=\"masonry\" col_spacing=\"xsmall\" columns=\"2\" srcset=\"https:\/\/www.staffturksikayet.com\/wp-content\/uploads\/2024\/10\/berke-ardanin-sikayeti-fotograf-2-300x400.jpg 300w, https:\/\/www.staffturksikayet.com\/wp-content\/uploads\/2024\/10\/berke-ardanin-sikayeti-fotograf-2-600x800.jpg 600w, https:\/\/www.staffturksikayet.com\/wp-content\/uploads\/2024\/10\/berke-ardanin-sikayeti-fotograf-2-768x1024.jpg 768w, https:\/\/www.staffturksikayet.com\/wp-content\/uploads\/2024\/10\/berke-ardanin-sikayeti-fotograf-2-1152x1536.jpg 1152w, https:\/\/www.staffturksikayet.com\/wp-content\/uploads\/2024\/10\/berke-ardanin-sikayeti-fotograf-2.jpg 1536w\" sizes=\"auto, (max-width: 300px) 100vw, 300px\" title=\"\">                                                              <\/div>\n              <div class=\"box-text text-left\" >\n                 <p>Berke Arda'n\u0131n \u015eikayeti - Foto\u011fraf 1<\/p>\n              <\/div>\n            <\/div>\n            <\/a>          <\/div>\n         <\/div><div class=\"gallery-col col\" >\n          <div class=\"col-inner\">\n            <a class=\"image-lightbox lightbox-gallery\" href=\"https:\/\/www.staffturksikayet.com\/wp-content\/uploads\/2024\/10\/berke-ardanin-sikayeti-fotograf-1-600x800.jpg\" title=\"Berke Arda&#039;n\u0131n \u015eikayeti - Foto\u011fraf 2\">            <div class=\"box has-hover gallery-box box-normal\">\n              <div class=\"box-image\" >\n                <img loading=\"lazy\" decoding=\"async\" width=\"300\" height=\"400\" src=\"https:\/\/www.staffturksikayet.com\/wp-content\/uploads\/2024\/10\/berke-ardanin-sikayeti-fotograf-1-300x400.jpg\" class=\"attachment-medium size-medium\" alt=\"\" ids=\"1441,1443\" style=\"normal\" type=\"masonry\" col_spacing=\"xsmall\" columns=\"2\" srcset=\"https:\/\/www.staffturksikayet.com\/wp-content\/uploads\/2024\/10\/berke-ardanin-sikayeti-fotograf-1-300x400.jpg 300w, https:\/\/www.staffturksikayet.com\/wp-content\/uploads\/2024\/10\/berke-ardanin-sikayeti-fotograf-1-600x800.jpg 600w, https:\/\/www.staffturksikayet.com\/wp-content\/uploads\/2024\/10\/berke-ardanin-sikayeti-fotograf-1-768x1024.jpg 768w, https:\/\/www.staffturksikayet.com\/wp-content\/uploads\/2024\/10\/berke-ardanin-sikayeti-fotograf-1-1152x1536.jpg 1152w, https:\/\/www.staffturksikayet.com\/wp-content\/uploads\/2024\/10\/berke-ardanin-sikayeti-fotograf-1.jpg 1536w\" sizes=\"auto, (max-width: 300px) 100vw, 300px\" title=\"\">                                                              <\/div>\n              <div class=\"box-text text-left\" >\n                 <p>Berke Arda'n\u0131n \u015eikayeti - Foto\u011fraf 2<\/p>\n              <\/div>\n            <\/div>\n            <\/a>          <\/div>\n         <\/div><\/div>\n\n\n\t\t<\/div>\n\t\t\t\t\t<\/div>\n\n\t\n\n<\/div>\n\n\t\t<\/div>\n\n\t\t\n<style>\n#section_968906811 {\n  padding-top: 31px;\n  padding-bottom: 31px;\n}\n@media (min-width:550px) {\n  #section_968906811 {\n    padding-top: 60px;\n    padding-bottom: 60px;\n  }\n}\n<\/style>\n\t<\/section>\n\t\n\t<section class=\"section\" id=\"section_1317527640\">\n\t\t<div class=\"bg section-bg fill bg-fill  bg-loaded\" >\n\n\t\t\t\n\t\t\t\n\t\t\t\n\n\t\t<\/div>\n\n\t\t\n\n\t\t<div class=\"section-content relative\">\n\t\t\t\n\n<div class=\"row align-center\"  id=\"row-2091481465\">\n\n\n\t<div id=\"col-1441240425\" class=\"col medium-8 small-12 large-8\"  >\n\t\t\t\t<div class=\"col-inner\"  >\n\t\t\t\n\t\t\t\n\n\t<div id=\"text-3786839885\" class=\"text fs-xl\">\n\t\t\n\n<h2>Other Complaints<\/h2>\n\t\t\n<style>\n#text-3786839885 {\n  font-size: 1.75rem;\n  line-height: 1.5;\n  text-align: center;\n}\n<\/style>\n\t<\/div>\n\t\n\t<div id=\"gap-1543600531\" class=\"gap-element clearfix\" style=\"display:block; height:auto;\">\n\t\t\n<style>\n#gap-1543600531 {\n  padding-top: 30px;\n}\n<\/style>\n\t<\/div>\n\t\n\n<div class=\"row align-middle sikayet-satir\"  id=\"row-726859329\">\n\n\n\t<div id=\"col-1668391048\" class=\"col medium-2 small-4 large-2\"  >\n\t\t\t\t<div class=\"col-inner\"  >\n\t\t\t\n\t\t\t\n\n\t<div class=\"img has-hover br-8 x md-x lg-x y md-y lg-y\" id=\"image_519280554\">\n\t\t<a class=\"\" href=\"\/en\/complaints\/eylem-dogrusozs-complaint\/\" >\t\t\t\t\t\t<div class=\"img-inner image-cover dark\" style=\"padding-top:100%;\">\n\t\t\t<img loading=\"lazy\" decoding=\"async\" width=\"1020\" height=\"768\" src=\"https:\/\/www.staffturksikayet.com\/wp-content\/uploads\/2025\/11\/eylem-dogrusoz-sikayeti-5-1063x800.webp\" class=\"attachment-large size-large\" alt=\"\" srcset=\"https:\/\/www.staffturksikayet.com\/wp-content\/uploads\/2025\/11\/eylem-dogrusoz-sikayeti-5-1063x800.webp 1063w, https:\/\/www.staffturksikayet.com\/wp-content\/uploads\/2025\/11\/eylem-dogrusoz-sikayeti-5-532x400.webp 532w, https:\/\/www.staffturksikayet.com\/wp-content\/uploads\/2025\/11\/eylem-dogrusoz-sikayeti-5-768x578.webp 768w, https:\/\/www.staffturksikayet.com\/wp-content\/uploads\/2025\/11\/eylem-dogrusoz-sikayeti-5-1536x1156.webp 1536w, https:\/\/www.staffturksikayet.com\/wp-content\/uploads\/2025\/11\/eylem-dogrusoz-sikayeti-5.webp 1600w\" sizes=\"auto, (max-width: 1020px) 100vw, 1020px\" title=\"\">\t\t\t\t\t\t\n\t\t\t\t\t<\/div>\n\t\t\t\t\t\t<\/a>\t\t\n<style>\n#image_519280554 {\n  width: 100%;\n}\n<\/style>\n\t<\/div>\n\t\n\n\n\t\t<\/div>\n\t\t\t\t\t<\/div>\n\n\t\n\n\t<div id=\"col-901799802\" class=\"col medium-6 small-8 large-7\"  >\n\t\t\t\t<div class=\"col-inner\"  >\n\t\t\t\n\t\t\t\n\n\n\n<a href=\"https:\/\/www.staffturksikayet.com\/en\/complaints\/eylem-dogrusozs-complaint\/\"><h4 style=\"margin-bottom:2px;\">Eylem Do\u011frus\u00f6z&#8217;s Complaint<\/h4>\n<p style=\"margin-bottom:0;\">The Owner of Shera<\/p>\n<\/a>\n\n\t<div id=\"gap-1744192734\" class=\"gap-element clearfix show-for-small\" style=\"display:block; height:auto;\">\n\t\t\n<style>\n#gap-1744192734 {\n  padding-top: 16px;\n}\n<\/style>\n\t<\/div>\n\t\n\n<a href=\"\/saadet-yilmazin-sikayeti\/\" class=\"button primary is-small lowercase show-for-small\"  style=\"border-radius:10px;\">\n    <span>View Complaint<\/span>\n  <i class=\"icon-angle-right\" aria-hidden=\"true\" ><\/i><\/a>\n\n\n\n\t\t<\/div>\n\t\t\t\t\t<\/div>\n\n\t\n\n\t<div id=\"col-226161693\" class=\"col hide-for-small medium-4 small-3 large-3\"  >\n\t\t\t\t<div class=\"col-inner\"  >\n\t\t\t\n\t\t\t\n\n<a href=\"\/en\/complaints\/eylem-dogrusozs-complaint\/\" class=\"button primary is-small lowercase\"  style=\"border-radius:10px;\">\n    <span>View Complaint<\/span>\n  <i class=\"icon-angle-right\" aria-hidden=\"true\" ><\/i><\/a>\n\n\n\n\t\t<\/div>\n\t\t\t\t\t<\/div>\n\n\t\n\n<\/div>\n<div class=\"row align-middle sikayet-satir\"  id=\"row-1873998667\">\n\n\n\t<div id=\"col-1464066726\" class=\"col medium-2 small-4 large-2\"  >\n\t\t\t\t<div class=\"col-inner\"  >\n\t\t\t\n\t\t\t\n\n\t<div class=\"img has-hover br-8 x md-x lg-x y md-y lg-y\" id=\"image_114610242\">\n\t\t<a class=\"\" href=\"\/en\/complaints\/ozcan-caliskans-complaint\/\" >\t\t\t\t\t\t<div class=\"img-inner image-cover dark\" style=\"padding-top:100%;\">\n\t\t\t<img loading=\"lazy\" decoding=\"async\" width=\"1020\" height=\"765\" src=\"https:\/\/www.staffturksikayet.com\/wp-content\/uploads\/2024\/02\/staffturk-kennel-evcil-dostumun-saglik-mucadelesi-ve-magduriyeti-5-1-1067x800.jpg\" class=\"attachment-large size-large\" alt=\"\" srcset=\"https:\/\/www.staffturksikayet.com\/wp-content\/uploads\/2024\/02\/staffturk-kennel-evcil-dostumun-saglik-mucadelesi-ve-magduriyeti-5-1-1067x800.jpg 1067w, https:\/\/www.staffturksikayet.com\/wp-content\/uploads\/2024\/02\/staffturk-kennel-evcil-dostumun-saglik-mucadelesi-ve-magduriyeti-5-1-533x400.jpg 533w, https:\/\/www.staffturksikayet.com\/wp-content\/uploads\/2024\/02\/staffturk-kennel-evcil-dostumun-saglik-mucadelesi-ve-magduriyeti-5-1-768x576.jpg 768w, https:\/\/www.staffturksikayet.com\/wp-content\/uploads\/2024\/02\/staffturk-kennel-evcil-dostumun-saglik-mucadelesi-ve-magduriyeti-5-1-1536x1152.jpg 1536w, https:\/\/www.staffturksikayet.com\/wp-content\/uploads\/2024\/02\/staffturk-kennel-evcil-dostumun-saglik-mucadelesi-ve-magduriyeti-5-1.jpg 2000w\" sizes=\"auto, (max-width: 1020px) 100vw, 1020px\" title=\"\">\t\t\t\t\t\t\n\t\t\t\t\t<\/div>\n\t\t\t\t\t\t<\/a>\t\t\n<style>\n#image_114610242 {\n  width: 100%;\n}\n<\/style>\n\t<\/div>\n\t\n\n\n\t\t<\/div>\n\t\t\t\t\t<\/div>\n\n\t\n\n\t<div id=\"col-2000761390\" class=\"col medium-6 small-8 large-7\"  >\n\t\t\t\t<div class=\"col-inner\"  >\n\t\t\t\n\t\t\t\n\n\n\n<a href=\"\/en\/complaints\/ozcan-caliskans-complaint\/\"><h4 style=\"margin-bottom:2px;\">Ozcan Caliskan&#8217;s Complaint<\/h4>\n<p style=\"margin-bottom:0;\">The Owner of Oscar<\/p>\n<\/a>\n\n\t<div id=\"gap-2050848382\" class=\"gap-element clearfix show-for-small\" style=\"display:block; height:auto;\">\n\t\t\n<style>\n#gap-2050848382 {\n  padding-top: 16px;\n}\n<\/style>\n\t<\/div>\n\t\n\n<a href=\"\/en\/complaints\/ozcan-caliskans-complaint\/\" class=\"button primary is-small lowercase show-for-small\"  style=\"border-radius:10px;\">\n    <span>View Complaint<\/span>\n  <i class=\"icon-angle-right\" aria-hidden=\"true\" ><\/i><\/a>\n\n\n\n\t\t<\/div>\n\t\t\t\t\t<\/div>\n\n\t\n\n\t<div id=\"col-339273376\" class=\"col hide-for-small medium-4 small-12 large-3\"  >\n\t\t\t\t<div class=\"col-inner\"  >\n\t\t\t\n\t\t\t\n\n<a href=\"\/en\/complaints\/ozcan-caliskans-complaint\/\" class=\"button primary is-small lowercase\"  style=\"border-radius:10px;\">\n    <span>View Complaint<\/span>\n  <i class=\"icon-angle-right\" aria-hidden=\"true\" ><\/i><\/a>\n\n\n\n\t\t<\/div>\n\t\t\t\t\t<\/div>\n\n\t\n\n<\/div>\n<div class=\"row align-middle sikayet-satir\"  id=\"row-1842141657\">\n\n\n\t<div id=\"col-243169975\" class=\"col medium-2 small-4 large-2\"  >\n\t\t\t\t<div class=\"col-inner\"  >\n\t\t\t\n\t\t\t\n\n\t<div class=\"img has-hover br-8 x md-x lg-x y md-y lg-y\" id=\"image_169297642\">\n\t\t<a class=\"\" href=\"\/en\/complaints\/saadet-yilmazs-complaint\/\" >\t\t\t\t\t\t<div class=\"img-inner image-cover dark\" style=\"padding-top:100%;\">\n\t\t\t<img loading=\"lazy\" decoding=\"async\" width=\"450\" height=\"800\" src=\"https:\/\/www.staffturksikayet.com\/wp-content\/uploads\/2024\/03\/WhatsApp-Image-2024-03-31-at-14.50.19-450x800.jpeg\" class=\"attachment-large size-large\" alt=\"\" srcset=\"https:\/\/www.staffturksikayet.com\/wp-content\/uploads\/2024\/03\/WhatsApp-Image-2024-03-31-at-14.50.19-450x800.jpeg 450w, https:\/\/www.staffturksikayet.com\/wp-content\/uploads\/2024\/03\/WhatsApp-Image-2024-03-31-at-14.50.19-225x400.jpeg 225w, https:\/\/www.staffturksikayet.com\/wp-content\/uploads\/2024\/03\/WhatsApp-Image-2024-03-31-at-14.50.19-768x1365.jpeg 768w, https:\/\/www.staffturksikayet.com\/wp-content\/uploads\/2024\/03\/WhatsApp-Image-2024-03-31-at-14.50.19-864x1536.jpeg 864w, https:\/\/www.staffturksikayet.com\/wp-content\/uploads\/2024\/03\/WhatsApp-Image-2024-03-31-at-14.50.19.jpeg 1152w\" sizes=\"auto, (max-width: 450px) 100vw, 450px\" title=\"\">\t\t\t\t\t\t\n\t\t\t\t\t<\/div>\n\t\t\t\t\t\t<\/a>\t\t\n<style>\n#image_169297642 {\n  width: 100%;\n}\n<\/style>\n\t<\/div>\n\t\n\n\n\t\t<\/div>\n\t\t\t\t\t<\/div>\n\n\t\n\n\t<div id=\"col-127530088\" class=\"col medium-6 small-8 large-7\"  >\n\t\t\t\t<div class=\"col-inner\"  >\n\t\t\t\n\t\t\t\n\n\n\n<a href=\"\/en\/complaints\/saadet-yilmazs-complaint\/\"><h4 style=\"margin-bottom:2px;\">Saadet Yilmaz&#8217;s Complaint<\/h4>\n<p style=\"margin-bottom:0;\">The Owner of Shiva<\/p>\n<\/a>\n\n\t<div id=\"gap-26992760\" class=\"gap-element clearfix show-for-small\" style=\"display:block; height:auto;\">\n\t\t\n<style>\n#gap-26992760 {\n  padding-top: 16px;\n}\n<\/style>\n\t<\/div>\n\t\n\n<a href=\"\/en\/complaints\/saadet-yilmazs-complaint\/\" class=\"button primary is-small lowercase show-for-small\"  style=\"border-radius:10px;\">\n    <span>View Complaint<\/span>\n  <i class=\"icon-angle-right\" aria-hidden=\"true\" ><\/i><\/a>\n\n\n\n\t\t<\/div>\n\t\t\t\t\t<\/div>\n\n\t\n\n\t<div id=\"col-1457977848\" class=\"col hide-for-small medium-4 small-12 large-3\"  >\n\t\t\t\t<div class=\"col-inner\"  >\n\t\t\t\n\t\t\t\n\n<a href=\"\/en\/complaints\/saadet-yilmazs-complaint\/\" class=\"button primary is-small lowercase\"  style=\"border-radius:10px;\">\n    <span>View Complaint<\/span>\n  <i class=\"icon-angle-right\" aria-hidden=\"true\" ><\/i><\/a>\n\n\n\n\t\t<\/div>\n\t\t\t\t\t<\/div>\n\n\t\n\n<\/div>\n<div class=\"row align-middle sikayet-satir son\"  id=\"row-545347976\">\n\n\n\t<div id=\"col-729886853\" class=\"col medium-2 small-4 large-2\"  >\n\t\t\t\t<div class=\"col-inner\"  >\n\t\t\t\n\t\t\t\n\n\t<div class=\"img has-hover br-8 x md-x lg-x y md-y lg-y\" id=\"image_1465626137\">\n\t\t<a class=\"\" href=\"\/en\/complaints\/ahmet-tekecis-complaint\/\" >\t\t\t\t\t\t<div class=\"img-inner image-cover dark\" style=\"padding-top:100%;\">\n\t\t\t<img loading=\"lazy\" decoding=\"async\" width=\"643\" height=\"800\" src=\"https:\/\/www.staffturksikayet.com\/wp-content\/uploads\/2023\/09\/csax-643x800.jpg\" class=\"attachment-large size-large\" alt=\"Deri ve Ba\u011f\u0131\u015f\u0131kl\u0131k Problemi\" srcset=\"https:\/\/www.staffturksikayet.com\/wp-content\/uploads\/2023\/09\/csax-643x800.jpg 643w, https:\/\/www.staffturksikayet.com\/wp-content\/uploads\/2023\/09\/csax-321x400.jpg 321w, https:\/\/www.staffturksikayet.com\/wp-content\/uploads\/2023\/09\/csax-768x956.jpg 768w, https:\/\/www.staffturksikayet.com\/wp-content\/uploads\/2023\/09\/csax-1234x1536.jpg 1234w, https:\/\/www.staffturksikayet.com\/wp-content\/uploads\/2023\/09\/csax-600x747.jpg 600w, https:\/\/www.staffturksikayet.com\/wp-content\/uploads\/2023\/09\/csax.jpg 1602w\" sizes=\"auto, (max-width: 643px) 100vw, 643px\" title=\"\">\t\t\t\t\t\t\n\t\t\t\t\t<\/div>\n\t\t\t\t\t\t<\/a>\t\t\n<style>\n#image_1465626137 {\n  width: 100%;\n}\n<\/style>\n\t<\/div>\n\t\n\n\n\t\t<\/div>\n\t\t\t\t\t<\/div>\n\n\t\n\n\t<div id=\"col-1289834047\" class=\"col medium-6 small-8 large-7\"  >\n\t\t\t\t<div class=\"col-inner\"  >\n\t\t\t\n\t\t\t\n\n\n\n<a href=\"\/en\/complaints\/ahmet-tekecis-complaint\/\"><h4 style=\"margin-bottom:2px;\">Ahmet Tekeci&#8217;s Complaint<\/h4>\n<p style=\"margin-bottom:0;\">The Owner of Luca<\/p>\n<\/a>\n\n\t<div id=\"gap-327416999\" class=\"gap-element clearfix show-for-small\" style=\"display:block; height:auto;\">\n\t\t\n<style>\n#gap-327416999 {\n  padding-top: 16px;\n}\n<\/style>\n\t<\/div>\n\t\n\n<a href=\"\/en\/complaints\/ahmet-tekecis-complaint\/\" class=\"button primary is-small lowercase show-for-small\"  style=\"border-radius:10px;\">\n    <span>View Complaint<\/span>\n  <i class=\"icon-angle-right\" aria-hidden=\"true\" ><\/i><\/a>\n\n\n\n\t\t<\/div>\n\t\t\t\t\t<\/div>\n\n\t\n\n\t<div id=\"col-28078233\" class=\"col hide-for-small medium-4 small-3 large-3\"  >\n\t\t\t\t<div class=\"col-inner\"  >\n\t\t\t\n\t\t\t\n\n<a href=\"\/en\/complaints\/ahmet-tekecis-complaint\/\" class=\"button primary is-small lowercase\"  style=\"border-radius:10px;\">\n    <span>View Complaint<\/span>\n  <i class=\"icon-angle-right\" aria-hidden=\"true\" ><\/i><\/a>\n\n\n\n\t\t<\/div>\n\t\t\t\t\t<\/div>\n\n\t\n\n<\/div>\n<div class=\"row align-middle\"  id=\"row-371776405\">\n\n\n\t<div id=\"col-1291320860\" class=\"col small-12 large-12\"  >\n\t\t\t\t<div class=\"col-inner text-center\"  >\n\t\t\t\n\t\t\t\n\n<a href=\"\/en\/add-complaint\/\" class=\"button primary is-outline\"  style=\"border-radius:99px;\">\n    <span>Add Your Complaint<\/span>\n  <i class=\"icon-chat\" aria-hidden=\"true\" ><\/i><\/a>\n\n\n\n\t\t<\/div>\n\t\t\t\t\t<\/div>\n\n\t\n\n<\/div>\n\n\t\t<\/div>\n\t\t\t\t\t<\/div>\n\n\t\n\n<\/div>\n\n\t\t<\/div>\n\n\t\t\n<style>\n#section_1317527640 {\n  padding-top: 60px;\n  padding-bottom: 60px;\n  background-color: #fafafa;\n}\n<\/style>\n\t<\/section>\n\t\n\n","protected":false},"excerpt":{"rendered":"","protected":false},"author":1,"featured_media":0,"parent":1224,"menu_order":0,"comment_status":"open","ping_status":"closed","template":"page-blank.php","meta":{"inline_featured_image":false,"footnotes":""},"class_list":["post-1458","page","type-page","status-publish","hentry"],"_links":{"self":[{"href":"https:\/\/www.staffturksikayet.com\/en\/wp-json\/wp\/v2\/pages\/1458","targetHints":{"allow":["GET"]}}],"collection":[{"href":"https:\/\/www.staffturksikayet.com\/en\/wp-json\/wp\/v2\/pages"}],"about":[{"href":"https:\/\/www.staffturksikayet.com\/en\/wp-json\/wp\/v2\/types\/page"}],"author":[{"embeddable":true,"href":"https:\/\/www.staffturksikayet.com\/en\/wp-json\/wp\/v2\/users\/1"}],"replies":[{"embeddable":true,"href":"https:\/\/www.staffturksikayet.com\/en\/wp-json\/wp\/v2\/comments?post=1458"}],"version-history":[{"count":7,"href":"https:\/\/www.staffturksikayet.com\/en\/wp-json\/wp\/v2\/pages\/1458\/revisions"}],"predecessor-version":[{"id":1617,"href":"https:\/\/www.staffturksikayet.com\/en\/wp-json\/wp\/v2\/pages\/1458\/revisions\/1617"}],"up":[{"embeddable":true,"href":"https:\/\/www.staffturksikayet.com\/en\/wp-json\/wp\/v2\/pages\/1224"}],"wp:attachment":[{"href":"https:\/\/www.staffturksikayet.com\/en\/wp-json\/wp\/v2\/media?parent=1458"}],"curies":[{"name":"wp","href":"https:\/\/api.w.org\/{rel}","templated":true}]}}