{"id":1246,"date":"2024-09-19T23:05:07","date_gmt":"2024-09-19T23:05:07","guid":{"rendered":"https:\/\/www.staffturksikayet.com\/sikayetler\/saadet-yilmazin-sikayeti\/"},"modified":"2025-11-07T08:44:02","modified_gmt":"2025-11-07T08:44:02","slug":"saadet-yilmazs-complaint","status":"publish","type":"page","link":"https:\/\/www.staffturksikayet.com\/en\/complaints\/saadet-yilmazs-complaint\/","title":{"rendered":"Saadet Yilmaz&#8217;s Complaint"},"content":{"rendered":"\n\t<section class=\"section\" id=\"section_1721410553\">\n\t\t<div class=\"bg section-bg fill bg-fill  bg-loaded\" >\n\n\t\t\t\n\t\t\t\n\t\t\t\n\n\t\t<\/div>\n\n\t\t\n\n\t\t<div class=\"section-content relative\">\n\t\t\t\n\n<div class=\"row align-center\"  id=\"row-1211196554\">\n\n\n\t<div id=\"col-182969720\" class=\"col medium-8 small-12 large-8\"  >\n\t\t\t\t<div class=\"col-inner text-left\"  >\n\t\t\t\n\t\t\t\n\n\t<div class=\"img has-hover br-8 x md-x lg-x y md-y lg-y\" id=\"image_2102798813\">\n\t\t\t\t\t\t\t\t<div class=\"img-inner image-cover dark\" style=\"padding-top:100%;\">\n\t\t\t<img loading=\"lazy\" decoding=\"async\" width=\"1536\" height=\"2048\" src=\"https:\/\/www.staffturksikayet.com\/wp-content\/uploads\/2024\/03\/WhatsApp-Image-2024-03-31-at-14.50.29.jpeg\" class=\"attachment-original size-original\" alt=\"\" srcset=\"https:\/\/www.staffturksikayet.com\/wp-content\/uploads\/2024\/03\/WhatsApp-Image-2024-03-31-at-14.50.29.jpeg 1536w, https:\/\/www.staffturksikayet.com\/wp-content\/uploads\/2024\/03\/WhatsApp-Image-2024-03-31-at-14.50.29-300x400.jpeg 300w, https:\/\/www.staffturksikayet.com\/wp-content\/uploads\/2024\/03\/WhatsApp-Image-2024-03-31-at-14.50.29-600x800.jpeg 600w, https:\/\/www.staffturksikayet.com\/wp-content\/uploads\/2024\/03\/WhatsApp-Image-2024-03-31-at-14.50.29-768x1024.jpeg 768w, https:\/\/www.staffturksikayet.com\/wp-content\/uploads\/2024\/03\/WhatsApp-Image-2024-03-31-at-14.50.29-1152x1536.jpeg 1152w\" sizes=\"auto, (max-width: 1536px) 100vw, 1536px\" title=\"\">\t\t\t\t\t\t\n\t\t\t\t\t<\/div>\n\t\t\t\t\t\t\t\t\n<style>\n#image_2102798813 {\n  width: 33%;\n}\n@media (min-width:550px) {\n  #image_2102798813 {\n    width: 16%;\n  }\n}\n<\/style>\n\t<\/div>\n\t\n\n\t<div id=\"text-28498346\" class=\"text fs-lg\">\n\t\t\n\n<h1 class=\"h2 collapse\">Saadet Y\u0131lmaz&#8217;s Complaint<\/h1>\n\t\t\t<\/div>\n\t\n<p style=\"margin-bottom:0;\">Owner of Shiva<\/p>\n\t<div id=\"gap-623855891\" class=\"gap-element clearfix\" style=\"display:block; height:auto;\">\n\t\t\n<style>\n#gap-623855891 {\n  padding-top: 30px;\n}\n<\/style>\n\t<\/div>\n\t\n\n<p>Hello, we are experiencing this same issue. There isn&#8217;t a vet we haven&#8217;t visited, a treatment method we haven&#8217;t tried, or a vitamin supplement or medication we haven&#8217;t used. In the end, we became convinced that it is a hereditary condition. We always blamed ourselves; we thought it was due to the wrong food or improper care. However, we realized that none of the treatment processes we applied helped my English Staffordshire Bull Terrier (Staft\u00fcrk) recover. Now, I believe there is something wrong with this breed, that it is unhealthy. I think something needs to be done about it. This breed shouldn&#8217;t be bred because I don&#8217;t want any living being to go through the hardships my unhealthy dog has endured. For months, we went through injections, medications, supplements, and treatments. We visited every vet we could. These dogs shouldn&#8217;t multiply. Families, like us, eventually start seeing these dogs as a part of the family, which leads them to overlook the financial side of things. However, this aspect should not be ignored. The fact that my dog&#8217;s health hasn&#8217;t improved, the money we spent, the pain he suffered, the games he couldn&#8217;t play&#8230; It&#8217;s truly a heartbreaking process.<\/p>\n\t<div id=\"gap-180242345\" class=\"gap-element clearfix\" style=\"display:block; height:auto;\">\n\t\t\n<style>\n#gap-180242345 {\n  padding-top: 30px;\n}\n<\/style>\n\t<\/div>\n\t\n\n\n  \n    <div id=\"gallery-962401531\" class=\"row large-columns-2 medium-columns- small-columns- row-xsmall row-masonry\" data-packery-options='{\"itemSelector\": \".col\", \"gutter\": 0, \"presentageWidth\" : true}'>\n\n  <div class=\"gallery-col col\" >\n          <div class=\"col-inner\">\n            <a class=\"image-lightbox lightbox-gallery\" href=\"https:\/\/www.staffturksikayet.com\/wp-content\/uploads\/2024\/03\/WhatsApp-Image-2024-03-31-at-14.50.19-450x800.jpeg\" title=\"\">            <div class=\"box has-hover gallery-box box-normal\">\n              <div class=\"box-image\" >\n                <img loading=\"lazy\" decoding=\"async\" width=\"225\" height=\"400\" src=\"https:\/\/www.staffturksikayet.com\/wp-content\/uploads\/2024\/03\/WhatsApp-Image-2024-03-31-at-14.50.19-225x400.jpeg\" class=\"attachment-medium size-medium\" alt=\"\" ids=\"869,871,870,873,872\" style=\"normal\" type=\"masonry\" col_spacing=\"xsmall\" columns=\"2\" srcset=\"https:\/\/www.staffturksikayet.com\/wp-content\/uploads\/2024\/03\/WhatsApp-Image-2024-03-31-at-14.50.19-225x400.jpeg 225w, https:\/\/www.staffturksikayet.com\/wp-content\/uploads\/2024\/03\/WhatsApp-Image-2024-03-31-at-14.50.19-450x800.jpeg 450w, https:\/\/www.staffturksikayet.com\/wp-content\/uploads\/2024\/03\/WhatsApp-Image-2024-03-31-at-14.50.19-768x1365.jpeg 768w, https:\/\/www.staffturksikayet.com\/wp-content\/uploads\/2024\/03\/WhatsApp-Image-2024-03-31-at-14.50.19-864x1536.jpeg 864w, https:\/\/www.staffturksikayet.com\/wp-content\/uploads\/2024\/03\/WhatsApp-Image-2024-03-31-at-14.50.19.jpeg 1152w\" sizes=\"auto, (max-width: 225px) 100vw, 225px\" title=\"\">                                                              <\/div>\n              <div class=\"box-text text-left\" >\n                 <p><\/p>\n              <\/div>\n            <\/div>\n            <\/a>          <\/div>\n         <\/div><div class=\"gallery-col col\" >\n          <div class=\"col-inner\">\n            <a class=\"image-lightbox lightbox-gallery\" href=\"https:\/\/www.staffturksikayet.com\/wp-content\/uploads\/2024\/03\/WhatsApp-Image-2024-03-31-at-14.50.29-600x800.jpeg\" title=\"\">            <div class=\"box has-hover gallery-box box-normal\">\n              <div class=\"box-image\" >\n                <img loading=\"lazy\" decoding=\"async\" width=\"300\" height=\"400\" src=\"https:\/\/www.staffturksikayet.com\/wp-content\/uploads\/2024\/03\/WhatsApp-Image-2024-03-31-at-14.50.29-300x400.jpeg\" class=\"attachment-medium size-medium\" alt=\"\" ids=\"869,871,870,873,872\" style=\"normal\" type=\"masonry\" col_spacing=\"xsmall\" columns=\"2\" srcset=\"https:\/\/www.staffturksikayet.com\/wp-content\/uploads\/2024\/03\/WhatsApp-Image-2024-03-31-at-14.50.29-300x400.jpeg 300w, https:\/\/www.staffturksikayet.com\/wp-content\/uploads\/2024\/03\/WhatsApp-Image-2024-03-31-at-14.50.29-600x800.jpeg 600w, https:\/\/www.staffturksikayet.com\/wp-content\/uploads\/2024\/03\/WhatsApp-Image-2024-03-31-at-14.50.29-768x1024.jpeg 768w, https:\/\/www.staffturksikayet.com\/wp-content\/uploads\/2024\/03\/WhatsApp-Image-2024-03-31-at-14.50.29-1152x1536.jpeg 1152w, https:\/\/www.staffturksikayet.com\/wp-content\/uploads\/2024\/03\/WhatsApp-Image-2024-03-31-at-14.50.29.jpeg 1536w\" sizes=\"auto, (max-width: 300px) 100vw, 300px\" title=\"\">                                                              <\/div>\n              <div class=\"box-text text-left\" >\n                 <p><\/p>\n              <\/div>\n            <\/div>\n            <\/a>          <\/div>\n         <\/div><div class=\"gallery-col col\" >\n          <div class=\"col-inner\">\n            <a class=\"image-lightbox lightbox-gallery\" href=\"https:\/\/www.staffturksikayet.com\/wp-content\/uploads\/2024\/03\/WhatsApp-Image-2024-03-31-at-14.50.28-600x800.jpeg\" title=\"\">            <div class=\"box has-hover gallery-box box-normal\">\n              <div class=\"box-image\" >\n                <img loading=\"lazy\" decoding=\"async\" width=\"300\" height=\"400\" src=\"https:\/\/www.staffturksikayet.com\/wp-content\/uploads\/2024\/03\/WhatsApp-Image-2024-03-31-at-14.50.28-300x400.jpeg\" class=\"attachment-medium size-medium\" alt=\"\" ids=\"869,871,870,873,872\" style=\"normal\" type=\"masonry\" col_spacing=\"xsmall\" columns=\"2\" srcset=\"https:\/\/www.staffturksikayet.com\/wp-content\/uploads\/2024\/03\/WhatsApp-Image-2024-03-31-at-14.50.28-300x400.jpeg 300w, https:\/\/www.staffturksikayet.com\/wp-content\/uploads\/2024\/03\/WhatsApp-Image-2024-03-31-at-14.50.28-600x800.jpeg 600w, https:\/\/www.staffturksikayet.com\/wp-content\/uploads\/2024\/03\/WhatsApp-Image-2024-03-31-at-14.50.28-768x1024.jpeg 768w, https:\/\/www.staffturksikayet.com\/wp-content\/uploads\/2024\/03\/WhatsApp-Image-2024-03-31-at-14.50.28-1152x1536.jpeg 1152w, https:\/\/www.staffturksikayet.com\/wp-content\/uploads\/2024\/03\/WhatsApp-Image-2024-03-31-at-14.50.28.jpeg 1536w\" sizes=\"auto, (max-width: 300px) 100vw, 300px\" title=\"\">                                                              <\/div>\n              <div class=\"box-text text-left\" >\n                 <p><\/p>\n              <\/div>\n            <\/div>\n            <\/a>          <\/div>\n         <\/div><div class=\"gallery-col col\" >\n          <div class=\"col-inner\">\n            <a class=\"image-lightbox lightbox-gallery\" href=\"https:\/\/www.staffturksikayet.com\/wp-content\/uploads\/2024\/03\/WhatsApp-Image-2024-03-31-at-14.50.29-1-600x800.jpeg\" title=\"\">            <div class=\"box has-hover gallery-box box-normal\">\n              <div class=\"box-image\" >\n                <img loading=\"lazy\" decoding=\"async\" width=\"300\" height=\"400\" src=\"https:\/\/www.staffturksikayet.com\/wp-content\/uploads\/2024\/03\/WhatsApp-Image-2024-03-31-at-14.50.29-1-300x400.jpeg\" class=\"attachment-medium size-medium\" alt=\"\" ids=\"869,871,870,873,872\" style=\"normal\" type=\"masonry\" col_spacing=\"xsmall\" columns=\"2\" srcset=\"https:\/\/www.staffturksikayet.com\/wp-content\/uploads\/2024\/03\/WhatsApp-Image-2024-03-31-at-14.50.29-1-300x400.jpeg 300w, https:\/\/www.staffturksikayet.com\/wp-content\/uploads\/2024\/03\/WhatsApp-Image-2024-03-31-at-14.50.29-1-600x800.jpeg 600w, https:\/\/www.staffturksikayet.com\/wp-content\/uploads\/2024\/03\/WhatsApp-Image-2024-03-31-at-14.50.29-1-768x1024.jpeg 768w, https:\/\/www.staffturksikayet.com\/wp-content\/uploads\/2024\/03\/WhatsApp-Image-2024-03-31-at-14.50.29-1-1152x1536.jpeg 1152w, https:\/\/www.staffturksikayet.com\/wp-content\/uploads\/2024\/03\/WhatsApp-Image-2024-03-31-at-14.50.29-1.jpeg 1536w\" sizes=\"auto, (max-width: 300px) 100vw, 300px\" title=\"\">                                                              <\/div>\n              <div class=\"box-text text-left\" >\n                 <p><\/p>\n              <\/div>\n            <\/div>\n            <\/a>          <\/div>\n         <\/div><\/div>\n\n\n\t\t<\/div>\n\t\t\t\t\t<\/div>\n\n\t\n\n<\/div>\n\n\t\t<\/div>\n\n\t\t\n<style>\n#section_1721410553 {\n  padding-top: 31px;\n  padding-bottom: 31px;\n}\n@media (min-width:550px) {\n  #section_1721410553 {\n    padding-top: 60px;\n    padding-bottom: 60px;\n  }\n}\n<\/style>\n\t<\/section>\n\t\n\t<section class=\"section\" id=\"section_1767984998\">\n\t\t<div class=\"bg section-bg fill bg-fill  bg-loaded\" >\n\n\t\t\t\n\t\t\t\n\t\t\t\n\n\t\t<\/div>\n\n\t\t\n\n\t\t<div class=\"section-content relative\">\n\t\t\t\n\n<div class=\"row align-center\"  id=\"row-614864698\">\n\n\n\t<div id=\"col-1681117895\" class=\"col medium-8 small-12 large-8\"  >\n\t\t\t\t<div class=\"col-inner\"  >\n\t\t\t\n\t\t\t\n\n\t<div id=\"text-243855325\" class=\"text fs-xl\">\n\t\t\n\n<h2>Other Complaints<\/h2>\n\t\t\n<style>\n#text-243855325 {\n  font-size: 1.75rem;\n  line-height: 1.5;\n  text-align: center;\n}\n<\/style>\n\t<\/div>\n\t\n\t<div id=\"gap-102530486\" class=\"gap-element clearfix\" style=\"display:block; height:auto;\">\n\t\t\n<style>\n#gap-102530486 {\n  padding-top: 30px;\n}\n<\/style>\n\t<\/div>\n\t\n\n<div class=\"row align-middle sikayet-satir\"  id=\"row-2129700496\">\n\n\n\t<div id=\"col-888059091\" class=\"col medium-2 small-4 large-2\"  >\n\t\t\t\t<div class=\"col-inner\"  >\n\t\t\t\n\t\t\t\n\n\t<div class=\"img has-hover br-8 x md-x lg-x y md-y lg-y\" id=\"image_834151402\">\n\t\t<a class=\"\" href=\"\/en\/complaints\/eylem-dogrusozs-complaint\/\" >\t\t\t\t\t\t<div class=\"img-inner image-cover dark\" style=\"padding-top:100%;\">\n\t\t\t<img loading=\"lazy\" decoding=\"async\" width=\"1020\" height=\"768\" src=\"https:\/\/www.staffturksikayet.com\/wp-content\/uploads\/2025\/11\/eylem-dogrusoz-sikayeti-5-1063x800.webp\" class=\"attachment-large size-large\" alt=\"\" srcset=\"https:\/\/www.staffturksikayet.com\/wp-content\/uploads\/2025\/11\/eylem-dogrusoz-sikayeti-5-1063x800.webp 1063w, https:\/\/www.staffturksikayet.com\/wp-content\/uploads\/2025\/11\/eylem-dogrusoz-sikayeti-5-532x400.webp 532w, https:\/\/www.staffturksikayet.com\/wp-content\/uploads\/2025\/11\/eylem-dogrusoz-sikayeti-5-768x578.webp 768w, https:\/\/www.staffturksikayet.com\/wp-content\/uploads\/2025\/11\/eylem-dogrusoz-sikayeti-5-1536x1156.webp 1536w, https:\/\/www.staffturksikayet.com\/wp-content\/uploads\/2025\/11\/eylem-dogrusoz-sikayeti-5.webp 1600w\" sizes=\"auto, (max-width: 1020px) 100vw, 1020px\" title=\"\">\t\t\t\t\t\t\n\t\t\t\t\t<\/div>\n\t\t\t\t\t\t<\/a>\t\t\n<style>\n#image_834151402 {\n  width: 100%;\n}\n<\/style>\n\t<\/div>\n\t\n\n\n\t\t<\/div>\n\t\t\t\t\t<\/div>\n\n\t\n\n\t<div id=\"col-753975651\" class=\"col medium-6 small-8 large-7\"  >\n\t\t\t\t<div class=\"col-inner\"  >\n\t\t\t\n\t\t\t\n\n\n\n<a href=\"https:\/\/www.staffturksikayet.com\/en\/complaints\/eylem-dogrusozs-complaint\/\"><h4 style=\"margin-bottom:2px;\">Eylem Do\u011frus\u00f6z&#8217;s Complaint<\/h4>\n<p style=\"margin-bottom:0;\">The Owner of Shera<\/p>\n<\/a>\n\n\t<div id=\"gap-96008785\" class=\"gap-element clearfix show-for-small\" style=\"display:block; height:auto;\">\n\t\t\n<style>\n#gap-96008785 {\n  padding-top: 16px;\n}\n<\/style>\n\t<\/div>\n\t\n\n<a href=\"\/saadet-yilmazin-sikayeti\/\" class=\"button primary is-small lowercase show-for-small\"  style=\"border-radius:10px;\">\n    <span>View Complaint<\/span>\n  <i class=\"icon-angle-right\" aria-hidden=\"true\" ><\/i><\/a>\n\n\n\n\t\t<\/div>\n\t\t\t\t\t<\/div>\n\n\t\n\n\t<div id=\"col-648169924\" class=\"col hide-for-small medium-4 small-3 large-3\"  >\n\t\t\t\t<div class=\"col-inner\"  >\n\t\t\t\n\t\t\t\n\n<a href=\"\/en\/complaints\/eylem-dogrusozs-complaint\/\" class=\"button primary is-small lowercase\"  style=\"border-radius:10px;\">\n    <span>View Complaint<\/span>\n  <i class=\"icon-angle-right\" aria-hidden=\"true\" ><\/i><\/a>\n\n\n\n\t\t<\/div>\n\t\t\t\t\t<\/div>\n\n\t\n\n<\/div>\n<div class=\"row align-middle sikayet-satir\"  id=\"row-1730107430\">\n\n\n\t<div id=\"col-1944019309\" class=\"col medium-2 small-4 large-2\"  >\n\t\t\t\t<div class=\"col-inner\"  >\n\t\t\t\n\t\t\t\n\n\t<div class=\"img has-hover br-8 x md-x lg-x y md-y lg-y\" id=\"image_506373120\">\n\t\t<a class=\"\" href=\"\/en\/complaints\/ozcan-caliskans-complaint\/\" >\t\t\t\t\t\t<div class=\"img-inner image-cover dark\" style=\"padding-top:100%;\">\n\t\t\t<img loading=\"lazy\" decoding=\"async\" width=\"1020\" height=\"765\" src=\"https:\/\/www.staffturksikayet.com\/wp-content\/uploads\/2024\/02\/staffturk-kennel-evcil-dostumun-saglik-mucadelesi-ve-magduriyeti-5-1-1067x800.jpg\" class=\"attachment-large size-large\" alt=\"\" srcset=\"https:\/\/www.staffturksikayet.com\/wp-content\/uploads\/2024\/02\/staffturk-kennel-evcil-dostumun-saglik-mucadelesi-ve-magduriyeti-5-1-1067x800.jpg 1067w, https:\/\/www.staffturksikayet.com\/wp-content\/uploads\/2024\/02\/staffturk-kennel-evcil-dostumun-saglik-mucadelesi-ve-magduriyeti-5-1-533x400.jpg 533w, https:\/\/www.staffturksikayet.com\/wp-content\/uploads\/2024\/02\/staffturk-kennel-evcil-dostumun-saglik-mucadelesi-ve-magduriyeti-5-1-768x576.jpg 768w, https:\/\/www.staffturksikayet.com\/wp-content\/uploads\/2024\/02\/staffturk-kennel-evcil-dostumun-saglik-mucadelesi-ve-magduriyeti-5-1-1536x1152.jpg 1536w, https:\/\/www.staffturksikayet.com\/wp-content\/uploads\/2024\/02\/staffturk-kennel-evcil-dostumun-saglik-mucadelesi-ve-magduriyeti-5-1.jpg 2000w\" sizes=\"auto, (max-width: 1020px) 100vw, 1020px\" title=\"\">\t\t\t\t\t\t\n\t\t\t\t\t<\/div>\n\t\t\t\t\t\t<\/a>\t\t\n<style>\n#image_506373120 {\n  width: 100%;\n}\n<\/style>\n\t<\/div>\n\t\n\n\n\t\t<\/div>\n\t\t\t\t\t<\/div>\n\n\t\n\n\t<div id=\"col-886657491\" class=\"col medium-6 small-8 large-7\"  >\n\t\t\t\t<div class=\"col-inner\"  >\n\t\t\t\n\t\t\t\n\n\n\n<a href=\"\/en\/complaints\/ozcan-caliskans-complaint\/\"><h4 style=\"margin-bottom:2px;\">Ozcan Caliskan&#8217;s Complaint<\/h4>\n<p style=\"margin-bottom:0;\">The Owner of Oscar<\/p>\n<\/a>\n\n\t<div id=\"gap-976904892\" class=\"gap-element clearfix show-for-small\" style=\"display:block; height:auto;\">\n\t\t\n<style>\n#gap-976904892 {\n  padding-top: 16px;\n}\n<\/style>\n\t<\/div>\n\t\n\n<a href=\"\/en\/complaints\/ozcan-caliskans-complaint\/\" class=\"button primary is-small lowercase show-for-small\"  style=\"border-radius:10px;\">\n    <span>View Complaint<\/span>\n  <i class=\"icon-angle-right\" aria-hidden=\"true\" ><\/i><\/a>\n\n\n\n\t\t<\/div>\n\t\t\t\t\t<\/div>\n\n\t\n\n\t<div id=\"col-937465600\" class=\"col hide-for-small medium-4 small-12 large-3\"  >\n\t\t\t\t<div class=\"col-inner\"  >\n\t\t\t\n\t\t\t\n\n<a href=\"\/en\/complaints\/ozcan-caliskans-complaint\/\" class=\"button primary is-small lowercase\"  style=\"border-radius:10px;\">\n    <span>View Complaint<\/span>\n  <i class=\"icon-angle-right\" aria-hidden=\"true\" ><\/i><\/a>\n\n\n\n\t\t<\/div>\n\t\t\t\t\t<\/div>\n\n\t\n\n<\/div>\n<div class=\"row align-middle sikayet-satir\"  id=\"row-1169600019\">\n\n\n\t<div id=\"col-333190656\" class=\"col medium-2 small-4 large-2\"  >\n\t\t\t\t<div class=\"col-inner\"  >\n\t\t\t\n\t\t\t\n\n\t<div class=\"img has-hover br-8 x md-x lg-x y md-y lg-y\" id=\"image_57339786\">\n\t\t<a class=\"\" href=\"\/en\/complaints\/berke-ardas-complaint\/\" >\t\t\t\t\t\t<div class=\"img-inner image-cover dark\" style=\"padding-top:100%;\">\n\t\t\t<img loading=\"lazy\" decoding=\"async\" width=\"600\" height=\"800\" src=\"https:\/\/www.staffturksikayet.com\/wp-content\/uploads\/2024\/10\/berke-ardanin-sikayeti-fotograf-2-600x800.jpg\" class=\"attachment-large size-large\" alt=\"\" srcset=\"https:\/\/www.staffturksikayet.com\/wp-content\/uploads\/2024\/10\/berke-ardanin-sikayeti-fotograf-2-600x800.jpg 600w, https:\/\/www.staffturksikayet.com\/wp-content\/uploads\/2024\/10\/berke-ardanin-sikayeti-fotograf-2-300x400.jpg 300w, https:\/\/www.staffturksikayet.com\/wp-content\/uploads\/2024\/10\/berke-ardanin-sikayeti-fotograf-2-768x1024.jpg 768w, https:\/\/www.staffturksikayet.com\/wp-content\/uploads\/2024\/10\/berke-ardanin-sikayeti-fotograf-2-1152x1536.jpg 1152w, https:\/\/www.staffturksikayet.com\/wp-content\/uploads\/2024\/10\/berke-ardanin-sikayeti-fotograf-2.jpg 1536w\" sizes=\"auto, (max-width: 600px) 100vw, 600px\" title=\"\">\t\t\t\t\t\t\n\t\t\t\t\t<\/div>\n\t\t\t\t\t\t<\/a>\t\t\n<style>\n#image_57339786 {\n  width: 100%;\n}\n<\/style>\n\t<\/div>\n\t\n\n\n\t\t<\/div>\n\t\t\t\t\t<\/div>\n\n\t\n\n\t<div id=\"col-848948969\" class=\"col medium-6 small-8 large-7\"  >\n\t\t\t\t<div class=\"col-inner\"  >\n\t\t\t\n\t\t\t\n\n\n\n<a href=\"\/en\/complaints\/berke-ardas-complaint\/\"><h4 style=\"margin-bottom:2px;\">Berke Arda&#8217;s Complaint<\/h4>\n<p style=\"margin-bottom:0;\">Owner of Gasso<\/p>\n<\/a>\n\n\t<div id=\"gap-385055776\" class=\"gap-element clearfix show-for-small\" style=\"display:block; height:auto;\">\n\t\t\n<style>\n#gap-385055776 {\n  padding-top: 16px;\n}\n<\/style>\n\t<\/div>\n\t\n\n<a href=\"\/en\/complaints\/berke-ardas-complaint\/\" class=\"button primary is-small lowercase show-for-small\"  style=\"border-radius:10px;\">\n    <span>View Complaint<\/span>\n  <i class=\"icon-angle-right\" aria-hidden=\"true\" ><\/i><\/a>\n\n\n\n\t\t<\/div>\n\t\t\t\t\t<\/div>\n\n\t\n\n\t<div id=\"col-1358725147\" class=\"col hide-for-small medium-4 small-3 large-3\"  >\n\t\t\t\t<div class=\"col-inner\"  >\n\t\t\t\n\t\t\t\n\n<a href=\"\/en\/complaints\/berke-ardas-complaint\/\" class=\"button primary is-small lowercase\"  style=\"border-radius:10px;\">\n    <span>View Complaint<\/span>\n  <i class=\"icon-angle-right\" aria-hidden=\"true\" ><\/i><\/a>\n\n\n\n\t\t<\/div>\n\t\t\t\t\t<\/div>\n\n\t\n\n<\/div>\n<div class=\"row align-middle sikayet-satir son\"  id=\"row-1737871123\">\n\n\n\t<div id=\"col-1046610857\" class=\"col medium-2 small-4 large-2\"  >\n\t\t\t\t<div class=\"col-inner\"  >\n\t\t\t\n\t\t\t\n\n\t<div class=\"img has-hover br-8 x md-x lg-x y md-y lg-y\" id=\"image_186996432\">\n\t\t<a class=\"\" href=\"\/en\/complaints\/ahmet-tekecis-complaint\/\" >\t\t\t\t\t\t<div class=\"img-inner image-cover dark\" style=\"padding-top:100%;\">\n\t\t\t<img loading=\"lazy\" decoding=\"async\" width=\"643\" height=\"800\" src=\"https:\/\/www.staffturksikayet.com\/wp-content\/uploads\/2023\/09\/csax-643x800.jpg\" class=\"attachment-large size-large\" alt=\"Deri ve Ba\u011f\u0131\u015f\u0131kl\u0131k Problemi\" srcset=\"https:\/\/www.staffturksikayet.com\/wp-content\/uploads\/2023\/09\/csax-643x800.jpg 643w, https:\/\/www.staffturksikayet.com\/wp-content\/uploads\/2023\/09\/csax-321x400.jpg 321w, https:\/\/www.staffturksikayet.com\/wp-content\/uploads\/2023\/09\/csax-768x956.jpg 768w, https:\/\/www.staffturksikayet.com\/wp-content\/uploads\/2023\/09\/csax-1234x1536.jpg 1234w, https:\/\/www.staffturksikayet.com\/wp-content\/uploads\/2023\/09\/csax-600x747.jpg 600w, https:\/\/www.staffturksikayet.com\/wp-content\/uploads\/2023\/09\/csax.jpg 1602w\" sizes=\"auto, (max-width: 643px) 100vw, 643px\" title=\"\">\t\t\t\t\t\t\n\t\t\t\t\t<\/div>\n\t\t\t\t\t\t<\/a>\t\t\n<style>\n#image_186996432 {\n  width: 100%;\n}\n<\/style>\n\t<\/div>\n\t\n\n\n\t\t<\/div>\n\t\t\t\t\t<\/div>\n\n\t\n\n\t<div id=\"col-1422842483\" class=\"col medium-6 small-8 large-7\"  >\n\t\t\t\t<div class=\"col-inner\"  >\n\t\t\t\n\t\t\t\n\n\n\n<a href=\"\/en\/complaints\/ahmet-tekecis-complaint\/\"><h4 style=\"margin-bottom:2px;\">Ahmet Tekeci&#8217;s Complaint<\/h4>\n<p style=\"margin-bottom:0;\">The Owner of Luca<\/p>\n<\/a>\n\n\t<div id=\"gap-494125990\" class=\"gap-element clearfix show-for-small\" style=\"display:block; height:auto;\">\n\t\t\n<style>\n#gap-494125990 {\n  padding-top: 16px;\n}\n<\/style>\n\t<\/div>\n\t\n\n<a href=\"\/en\/complaints\/ahmet-tekecis-complaint\/\" class=\"button primary is-small lowercase show-for-small\"  style=\"border-radius:10px;\">\n    <span>View Complaint<\/span>\n  <i class=\"icon-angle-right\" aria-hidden=\"true\" ><\/i><\/a>\n\n\n\n\t\t<\/div>\n\t\t\t\t\t<\/div>\n\n\t\n\n\t<div id=\"col-1393631524\" class=\"col hide-for-small medium-4 small-3 large-3\"  >\n\t\t\t\t<div class=\"col-inner\"  >\n\t\t\t\n\t\t\t\n\n<a href=\"\/en\/complaints\/ahmet-tekecis-complaint\/\" class=\"button primary is-small lowercase\"  style=\"border-radius:10px;\">\n    <span>View Complaint<\/span>\n  <i class=\"icon-angle-right\" aria-hidden=\"true\" ><\/i><\/a>\n\n\n\n\t\t<\/div>\n\t\t\t\t\t<\/div>\n\n\t\n\n<\/div>\n<div class=\"row align-middle\"  id=\"row-1361342708\">\n\n\n\t<div id=\"col-1274597646\" class=\"col small-12 large-12\"  >\n\t\t\t\t<div class=\"col-inner text-center\"  >\n\t\t\t\n\t\t\t\n\n<a href=\"\/en\/add-complaint\/\" class=\"button primary is-outline\"  style=\"border-radius:99px;\">\n    <span>Add Your Complaint<\/span>\n  <i class=\"icon-chat\" aria-hidden=\"true\" ><\/i><\/a>\n\n\n\n\t\t<\/div>\n\t\t\t\t\t<\/div>\n\n\t\n\n<\/div>\n\n\t\t<\/div>\n\t\t\t\t\t<\/div>\n\n\t\n\n<\/div>\n\n\t\t<\/div>\n\n\t\t\n<style>\n#section_1767984998 {\n  padding-top: 60px;\n  padding-bottom: 60px;\n  background-color: #fafafa;\n}\n<\/style>\n\t<\/section>\n\t\n\n","protected":false},"excerpt":{"rendered":"","protected":false},"author":1,"featured_media":0,"parent":1224,"menu_order":0,"comment_status":"open","ping_status":"closed","template":"page-blank.php","meta":{"inline_featured_image":false,"footnotes":""},"class_list":["post-1246","page","type-page","status-publish","hentry"],"_links":{"self":[{"href":"https:\/\/www.staffturksikayet.com\/en\/wp-json\/wp\/v2\/pages\/1246","targetHints":{"allow":["GET"]}}],"collection":[{"href":"https:\/\/www.staffturksikayet.com\/en\/wp-json\/wp\/v2\/pages"}],"about":[{"href":"https:\/\/www.staffturksikayet.com\/en\/wp-json\/wp\/v2\/types\/page"}],"author":[{"embeddable":true,"href":"https:\/\/www.staffturksikayet.com\/en\/wp-json\/wp\/v2\/users\/1"}],"replies":[{"embeddable":true,"href":"https:\/\/www.staffturksikayet.com\/en\/wp-json\/wp\/v2\/comments?post=1246"}],"version-history":[{"count":10,"href":"https:\/\/www.staffturksikayet.com\/en\/wp-json\/wp\/v2\/pages\/1246\/revisions"}],"predecessor-version":[{"id":1616,"href":"https:\/\/www.staffturksikayet.com\/en\/wp-json\/wp\/v2\/pages\/1246\/revisions\/1616"}],"up":[{"embeddable":true,"href":"https:\/\/www.staffturksikayet.com\/en\/wp-json\/wp\/v2\/pages\/1224"}],"wp:attachment":[{"href":"https:\/\/www.staffturksikayet.com\/en\/wp-json\/wp\/v2\/media?parent=1246"}],"curies":[{"name":"wp","href":"https:\/\/api.w.org\/{rel}","templated":true}]}}