{"id":1224,"date":"2024-09-19T23:39:42","date_gmt":"2024-09-19T23:39:42","guid":{"rendered":"https:\/\/www.staffturksikayet.com\/?page_id=1224"},"modified":"2024-09-25T09:03:02","modified_gmt":"2024-09-25T09:03:02","slug":"complaints","status":"publish","type":"page","link":"https:\/\/www.staffturksikayet.com\/en\/complaints\/","title":{"rendered":"Complaints"},"content":{"rendered":"\n\t<section class=\"section\" id=\"section_1534508208\">\n\t\t<div class=\"bg section-bg fill bg-fill  bg-loaded\" >\n\n\t\t\t\n\t\t\t\n\t\t\t\n\n\t\t<\/div>\n\n\t\t\n\n\t\t<div class=\"section-content relative\">\n\t\t\t\n\n<div class=\"row align-center\"  id=\"row-1243703958\">\n\n\n\t<div id=\"col-1451164806\" class=\"col medium-8 small-12 large-8\"  >\n\t\t\t\t<div class=\"col-inner\"  >\n\t\t\t\n\t\t\t\n\n\t<div id=\"text-699255440\" class=\"text fs-xl\">\n\t\t\n\n<h2>Latest Complaints<\/h2>\n\t\t\n<style>\n#text-699255440 {\n  font-size: 1.75rem;\n  line-height: 1.5;\n  text-align: center;\n}\n<\/style>\n\t<\/div>\n\t\n\t<div id=\"text-1070978771\" class=\"text\">\n\t\t\n\n<p>Unfortunately, many dog owners are forced to abandon or rehome their sick companions due to financial and emotional challenges. These innocent animals experience deep unhappiness as they struggle with both health issues and adapting to changing circumstances. If you also feel helpless as an owner of a dog left in a difficult situation by Staffturk Kennel, you can click the button below to contact us.<\/p>\n\t\t\n<style>\n#text-1070978771 {\n  text-align: center;\n}\n<\/style>\n\t<\/div>\n\t\n\t<div id=\"gap-2048195137\" class=\"gap-element clearfix\" style=\"display:block; height:auto;\">\n\t\t\n<style>\n#gap-2048195137 {\n  padding-top: 30px;\n}\n<\/style>\n\t<\/div>\n\t\n\n<div class=\"row align-middle sikayet-satir\"  id=\"row-866800245\">\n\n\n\t<div id=\"col-182540029\" class=\"col medium-2 small-4 large-2\"  >\n\t\t\t\t<div class=\"col-inner\"  >\n\t\t\t\n\t\t\t\n\n\t<div class=\"img has-hover br-8 x md-x lg-x y md-y lg-y\" id=\"image_989514789\">\n\t\t<a class=\"\" href=\"\/en\/complaints\/saadet-yilmazs-complaint\/\" >\t\t\t\t\t\t<div class=\"img-inner image-cover dark\" style=\"padding-top:100%;\">\n\t\t\t<img loading=\"lazy\" decoding=\"async\" width=\"450\" height=\"800\" src=\"https:\/\/www.staffturksikayet.com\/wp-content\/uploads\/2024\/03\/WhatsApp-Image-2024-03-31-at-14.50.19-450x800.jpeg\" class=\"attachment-large size-large\" alt=\"\" srcset=\"https:\/\/www.staffturksikayet.com\/wp-content\/uploads\/2024\/03\/WhatsApp-Image-2024-03-31-at-14.50.19-450x800.jpeg 450w, https:\/\/www.staffturksikayet.com\/wp-content\/uploads\/2024\/03\/WhatsApp-Image-2024-03-31-at-14.50.19-225x400.jpeg 225w, https:\/\/www.staffturksikayet.com\/wp-content\/uploads\/2024\/03\/WhatsApp-Image-2024-03-31-at-14.50.19-768x1365.jpeg 768w, https:\/\/www.staffturksikayet.com\/wp-content\/uploads\/2024\/03\/WhatsApp-Image-2024-03-31-at-14.50.19-864x1536.jpeg 864w, https:\/\/www.staffturksikayet.com\/wp-content\/uploads\/2024\/03\/WhatsApp-Image-2024-03-31-at-14.50.19.jpeg 1152w\" sizes=\"auto, (max-width: 450px) 100vw, 450px\" title=\"\">\t\t\t\t\t\t\n\t\t\t\t\t<\/div>\n\t\t\t\t\t\t<\/a>\t\t\n<style>\n#image_989514789 {\n  width: 100%;\n}\n<\/style>\n\t<\/div>\n\t\n\n\n\t\t<\/div>\n\t\t\t\t\t<\/div>\n\n\t\n\n\t<div id=\"col-1884249354\" class=\"col medium-6 small-8 large-7\"  >\n\t\t\t\t<div class=\"col-inner\"  >\n\t\t\t\n\t\t\t\n\n\n\n<a href=\"\/en\/complaints\/saadet-yilmazs-complaint\/\"> <h4 style=\"margin-bottom:2px;\">Saadet Yilmaz's Complaint<\/h4> <p style=\"margin-bottom:0;\">Owner of Shiva<\/p> <\/a>\n\n\t<div id=\"gap-297003412\" class=\"gap-element clearfix show-for-small\" style=\"display:block; height:auto;\">\n\t\t\n<style>\n#gap-297003412 {\n  padding-top: 16px;\n}\n<\/style>\n\t<\/div>\n\t\n\n<a href=\"\/en\/complaints\/saadet-yilmazs-complaint\/\" class=\"button primary is-small lowercase show-for-small\"  style=\"border-radius:10px;\">\n    <span>View Complaint<\/span>\n  <i class=\"icon-angle-right\" aria-hidden=\"true\" ><\/i><\/a>\n\n\n\n\t\t<\/div>\n\t\t\t\t\t<\/div>\n\n\t\n\n\t<div id=\"col-131836121\" class=\"col hide-for-small medium-4 small-3 large-3\"  >\n\t\t\t\t<div class=\"col-inner\"  >\n\t\t\t\n\t\t\t\n\n<a href=\"\/en\/complaints\/saadet-yilmazs-complaint\/\" class=\"button primary is-small lowercase\"  style=\"border-radius:10px;\">\n    <span>View Complaint<\/span>\n  <i class=\"icon-angle-right\" aria-hidden=\"true\" ><\/i><\/a>\n\n\n\n\t\t<\/div>\n\t\t\t\t\t<\/div>\n\n\t\n\n<\/div>\n<div class=\"row align-middle sikayet-satir\"  id=\"row-38573897\">\n\n\n\t<div id=\"col-1438671113\" class=\"col medium-2 small-4 large-2\"  >\n\t\t\t\t<div class=\"col-inner\"  >\n\t\t\t\n\t\t\t\n\n\t<div class=\"img has-hover br-8 x md-x lg-x y md-y lg-y\" id=\"image_1837216443\">\n\t\t<a class=\"\" href=\"\/en\/complaints\/ozcan-caliskans-complaint\/\" >\t\t\t\t\t\t<div class=\"img-inner image-cover dark\" style=\"padding-top:100%;\">\n\t\t\t<img loading=\"lazy\" decoding=\"async\" width=\"1020\" height=\"765\" src=\"https:\/\/www.staffturksikayet.com\/wp-content\/uploads\/2024\/02\/staffturk-kennel-evcil-dostumun-saglik-mucadelesi-ve-magduriyeti-5-1-1067x800.jpg\" class=\"attachment-large size-large\" alt=\"\" srcset=\"https:\/\/www.staffturksikayet.com\/wp-content\/uploads\/2024\/02\/staffturk-kennel-evcil-dostumun-saglik-mucadelesi-ve-magduriyeti-5-1-1067x800.jpg 1067w, https:\/\/www.staffturksikayet.com\/wp-content\/uploads\/2024\/02\/staffturk-kennel-evcil-dostumun-saglik-mucadelesi-ve-magduriyeti-5-1-533x400.jpg 533w, https:\/\/www.staffturksikayet.com\/wp-content\/uploads\/2024\/02\/staffturk-kennel-evcil-dostumun-saglik-mucadelesi-ve-magduriyeti-5-1-768x576.jpg 768w, https:\/\/www.staffturksikayet.com\/wp-content\/uploads\/2024\/02\/staffturk-kennel-evcil-dostumun-saglik-mucadelesi-ve-magduriyeti-5-1-1536x1152.jpg 1536w, https:\/\/www.staffturksikayet.com\/wp-content\/uploads\/2024\/02\/staffturk-kennel-evcil-dostumun-saglik-mucadelesi-ve-magduriyeti-5-1.jpg 2000w\" sizes=\"auto, (max-width: 1020px) 100vw, 1020px\" title=\"\">\t\t\t\t\t\t\n\t\t\t\t\t<\/div>\n\t\t\t\t\t\t<\/a>\t\t\n<style>\n#image_1837216443 {\n  width: 100%;\n}\n<\/style>\n\t<\/div>\n\t\n\n\n\t\t<\/div>\n\t\t\t\t\t<\/div>\n\n\t\n\n\t<div id=\"col-1188888119\" class=\"col medium-6 small-8 large-7\"  >\n\t\t\t\t<div class=\"col-inner\"  >\n\t\t\t\n\t\t\t\n\n\n\n<a href=\"\/en\/complaints\/ozcan-caliskans-complaint\/\"> <h4 style=\"margin-bottom:2px;\">Ozcan Caliskan's Complaint<\/h4> <p style=\"margin-bottom:0;\">Owner of Oscar<\/p> <\/a>\n\n\t<div id=\"gap-1620301838\" class=\"gap-element clearfix show-for-small\" style=\"display:block; height:auto;\">\n\t\t\n<style>\n#gap-1620301838 {\n  padding-top: 16px;\n}\n<\/style>\n\t<\/div>\n\t\n\n\t<div id=\"gap-561315626\" class=\"gap-element clearfix show-for-medium hide-for-small\" style=\"display:block; height:auto;\">\n\t\t\n<style>\n#gap-561315626 {\n  padding-top: 16px;\n}\n<\/style>\n\t<\/div>\n\t\n\n<a href=\"\/en\/complaints\/ozcan-caliskans-complaint\/\" class=\"button primary is-small lowercase show-for-small\"  style=\"border-radius:10px;\">\n    <span>View Complaint<\/span>\n  <i class=\"icon-angle-right\" aria-hidden=\"true\" ><\/i><\/a>\n\n\n\n\t\t<\/div>\n\t\t\t\t\t<\/div>\n\n\t\n\n\t<div id=\"col-449455952\" class=\"col hide-for-small medium-4 small-12 large-3\"  >\n\t\t\t\t<div class=\"col-inner\"  >\n\t\t\t\n\t\t\t\n\n<a href=\"\/en\/complaints\/ozcan-caliskans-complaint\/\" class=\"button primary is-small lowercase\"  style=\"border-radius:10px;\">\n    <span>View Complaint<\/span>\n  <i class=\"icon-angle-right\" aria-hidden=\"true\" ><\/i><\/a>\n\n\n\n\t\t<\/div>\n\t\t\t\t\t<\/div>\n\n\t\n\n<\/div>\n<div class=\"row align-middle sikayet-satir\"  id=\"row-1828719664\">\n\n\n\t<div id=\"col-646086652\" class=\"col medium-2 small-4 large-2\"  >\n\t\t\t\t<div class=\"col-inner\"  >\n\t\t\t\n\t\t\t\n\n\t<div class=\"img has-hover br-8 x md-x lg-x y md-y lg-y\" id=\"image_816320263\">\n\t\t<a class=\"\" href=\"\/en\/complaints\/berke-ardas-complaint\/\" >\t\t\t\t\t\t<div class=\"img-inner image-cover dark\" style=\"padding-top:100%;\">\n\t\t\t<img loading=\"lazy\" decoding=\"async\" width=\"600\" height=\"800\" src=\"https:\/\/www.staffturksikayet.com\/wp-content\/uploads\/2024\/10\/berke-ardanin-sikayeti-fotograf-2-600x800.jpg\" class=\"attachment-large size-large\" alt=\"\" srcset=\"https:\/\/www.staffturksikayet.com\/wp-content\/uploads\/2024\/10\/berke-ardanin-sikayeti-fotograf-2-600x800.jpg 600w, https:\/\/www.staffturksikayet.com\/wp-content\/uploads\/2024\/10\/berke-ardanin-sikayeti-fotograf-2-300x400.jpg 300w, https:\/\/www.staffturksikayet.com\/wp-content\/uploads\/2024\/10\/berke-ardanin-sikayeti-fotograf-2-768x1024.jpg 768w, https:\/\/www.staffturksikayet.com\/wp-content\/uploads\/2024\/10\/berke-ardanin-sikayeti-fotograf-2-1152x1536.jpg 1152w, https:\/\/www.staffturksikayet.com\/wp-content\/uploads\/2024\/10\/berke-ardanin-sikayeti-fotograf-2.jpg 1536w\" sizes=\"auto, (max-width: 600px) 100vw, 600px\" title=\"\">\t\t\t\t\t\t\n\t\t\t\t\t<\/div>\n\t\t\t\t\t\t<\/a>\t\t\n<style>\n#image_816320263 {\n  width: 100%;\n}\n<\/style>\n\t<\/div>\n\t\n\n\n\t\t<\/div>\n\t\t\t\t\t<\/div>\n\n\t\n\n\t<div id=\"col-757281381\" class=\"col medium-6 small-8 large-7\"  >\n\t\t\t\t<div class=\"col-inner\"  >\n\t\t\t\n\t\t\t\n\n\n\n<a href=\"\/en\/complaints\/berke-ardas-complaint\/\"><h4 style=\"margin-bottom:2px;\">Berke Arda's Complaint<\/h4>\n<p style=\"margin-bottom:0;\">Owner of Gasso<\/p>\n<\/a>\n\n\t<div id=\"gap-1857653961\" class=\"gap-element clearfix show-for-small\" style=\"display:block; height:auto;\">\n\t\t\n<style>\n#gap-1857653961 {\n  padding-top: 16px;\n}\n<\/style>\n\t<\/div>\n\t\n\n<a href=\"\/en\/complaints\/berke-ardas-complaint\/\" class=\"button primary is-small lowercase show-for-small\"  style=\"border-radius:10px;\">\n    <span>View Complaint<\/span>\n  <i class=\"icon-angle-right\" aria-hidden=\"true\" ><\/i><\/a>\n\n\n\n\t\t<\/div>\n\t\t\t\t\t<\/div>\n\n\t\n\n\t<div id=\"col-2049497102\" class=\"col hide-for-small medium-4 small-3 large-3\"  >\n\t\t\t\t<div class=\"col-inner\"  >\n\t\t\t\n\t\t\t\n\n<a href=\"\/en\/complaints\/berke-ardas-complaint\/\" class=\"button primary is-small lowercase\"  style=\"border-radius:10px;\">\n    <span>View Complaint<\/span>\n  <i class=\"icon-angle-right\" aria-hidden=\"true\" ><\/i><\/a>\n\n\n\n\t\t<\/div>\n\t\t\t\t\t<\/div>\n\n\t\n\n<\/div>\n<div class=\"row align-middle sikayet-satir son\"  id=\"row-2068866711\">\n\n\n\t<div id=\"col-1109205973\" class=\"col medium-2 small-4 large-2\"  >\n\t\t\t\t<div class=\"col-inner\"  >\n\t\t\t\n\t\t\t\n\n\t<div class=\"img has-hover br-8 x md-x lg-x y md-y lg-y\" id=\"image_570450184\">\n\t\t<a class=\"\" href=\"\/en\/complaints\/ahmet-tekecis-complaint\" >\t\t\t\t\t\t<div class=\"img-inner image-cover dark\" style=\"padding-top:100%;\">\n\t\t\t<img loading=\"lazy\" decoding=\"async\" width=\"643\" height=\"800\" src=\"https:\/\/www.staffturksikayet.com\/wp-content\/uploads\/2023\/09\/csax-643x800.jpg\" class=\"attachment-large size-large\" alt=\"Deri ve Ba\u011f\u0131\u015f\u0131kl\u0131k Problemi\" srcset=\"https:\/\/www.staffturksikayet.com\/wp-content\/uploads\/2023\/09\/csax-643x800.jpg 643w, https:\/\/www.staffturksikayet.com\/wp-content\/uploads\/2023\/09\/csax-321x400.jpg 321w, https:\/\/www.staffturksikayet.com\/wp-content\/uploads\/2023\/09\/csax-768x956.jpg 768w, https:\/\/www.staffturksikayet.com\/wp-content\/uploads\/2023\/09\/csax-1234x1536.jpg 1234w, https:\/\/www.staffturksikayet.com\/wp-content\/uploads\/2023\/09\/csax-600x747.jpg 600w, https:\/\/www.staffturksikayet.com\/wp-content\/uploads\/2023\/09\/csax.jpg 1602w\" sizes=\"auto, (max-width: 643px) 100vw, 643px\" title=\"\">\t\t\t\t\t\t\n\t\t\t\t\t<\/div>\n\t\t\t\t\t\t<\/a>\t\t\n<style>\n#image_570450184 {\n  width: 100%;\n}\n<\/style>\n\t<\/div>\n\t\n\n\n\t\t<\/div>\n\t\t\t\t\t<\/div>\n\n\t\n\n\t<div id=\"col-949929845\" class=\"col medium-6 small-8 large-7\"  >\n\t\t\t\t<div class=\"col-inner\"  >\n\t\t\t\n\t\t\t\n\n\n\n<a href=\"\/en\/complaints\/ahmet-tekecis-complaint\"> <h4 style=\"margin-bottom:2px;\">Ahmet Tekeci's Complaint<\/h4> <p style=\"margin-bottom:0;\">Owner of Luca<\/p> <\/a>\n\n\t<div id=\"gap-606972418\" class=\"gap-element clearfix show-for-small\" style=\"display:block; height:auto;\">\n\t\t\n<style>\n#gap-606972418 {\n  padding-top: 16px;\n}\n<\/style>\n\t<\/div>\n\t\n\n<a href=\"\/en\/complaints\/ahmet-tekecis-complaint\" class=\"button primary is-small lowercase show-for-small\"  style=\"border-radius:10px;\">\n    <span>View Complaint<\/span>\n  <i class=\"icon-angle-right\" aria-hidden=\"true\" ><\/i><\/a>\n\n\n\n\t\t<\/div>\n\t\t\t\t\t<\/div>\n\n\t\n\n\t<div id=\"col-689143228\" class=\"col hide-for-small medium-4 small-12 large-3\"  >\n\t\t\t\t<div class=\"col-inner\"  >\n\t\t\t\n\t\t\t\n\n<a href=\"\/en\/complaints\/ahmet-tekecis-complaint\" class=\"button primary is-small lowercase\"  style=\"border-radius:10px;\">\n    <span>View Complaint<\/span>\n  <i class=\"icon-angle-right\" aria-hidden=\"true\" ><\/i><\/a>\n\n\n\n\t\t<\/div>\n\t\t\t\t\t<\/div>\n\n\t\n\n<\/div>\n<div class=\"row align-middle\"  id=\"row-186581420\">\n\n\n\t<div id=\"col-1562047740\" class=\"col small-12 large-12\"  >\n\t\t\t\t<div class=\"col-inner text-center\"  >\n\t\t\t\n\t\t\t\n\n<a href=\"\/en\/add-complaint\/\" class=\"button primary is-outline\"  style=\"border-radius:99px;\">\n    <span>Add Your Complaint<\/span>\n  <i class=\"icon-chat\" aria-hidden=\"true\" ><\/i><\/a>\n\n\n\n\t\t<\/div>\n\t\t\t\t\t<\/div>\n\n\t\n\n<\/div>\n\n\t\t<\/div>\n\t\t\t\t\t<\/div>\n\n\t\n\n<\/div>\n\n\n\t\t<\/div>\n\n\t\t\n<style>\n#section_1534508208 {\n  padding-top: 30px;\n  padding-bottom: 30px;\n}\n<\/style>\n\t<\/section>\n\t\n\n","protected":false},"excerpt":{"rendered":"","protected":false},"author":1,"featured_media":0,"parent":0,"menu_order":0,"comment_status":"closed","ping_status":"closed","template":"","meta":{"inline_featured_image":false,"footnotes":""},"class_list":["post-1224","page","type-page","status-publish","hentry"],"_links":{"self":[{"href":"https:\/\/www.staffturksikayet.com\/en\/wp-json\/wp\/v2\/pages\/1224","targetHints":{"allow":["GET"]}}],"collection":[{"href":"https:\/\/www.staffturksikayet.com\/en\/wp-json\/wp\/v2\/pages"}],"about":[{"href":"https:\/\/www.staffturksikayet.com\/en\/wp-json\/wp\/v2\/types\/page"}],"author":[{"embeddable":true,"href":"https:\/\/www.staffturksikayet.com\/en\/wp-json\/wp\/v2\/users\/1"}],"replies":[{"embeddable":true,"href":"https:\/\/www.staffturksikayet.com\/en\/wp-json\/wp\/v2\/comments?post=1224"}],"version-history":[{"count":1,"href":"https:\/\/www.staffturksikayet.com\/en\/wp-json\/wp\/v2\/pages\/1224\/revisions"}],"predecessor-version":[{"id":1225,"href":"https:\/\/www.staffturksikayet.com\/en\/wp-json\/wp\/v2\/pages\/1224\/revisions\/1225"}],"wp:attachment":[{"href":"https:\/\/www.staffturksikayet.com\/en\/wp-json\/wp\/v2\/media?parent=1224"}],"curies":[{"name":"wp","href":"https:\/\/api.w.org\/{rel}","templated":true}]}}